{"id":649,"date":"2025-08-20T11:46:09","date_gmt":"2025-08-20T09:46:09","guid":{"rendered":"https:\/\/eslava.es\/santa-criz-de-eslava\/necropolis-civica\/"},"modified":"2025-10-10T14:46:46","modified_gmt":"2025-10-10T12:46:46","slug":"nekropolia","status":"publish","type":"page","link":"https:\/\/eslava.es\/eu\/santa-criz-de-eslava\/nekropolia\/","title":{"rendered":"Nekropolia"},"content":{"rendered":"<p>[et_pb_section fb_built=&#8221;1&#8243; custom_padding_last_edited=&#8221;on|phone&#8221; admin_label=&#8221;Header&#8221; _builder_version=&#8221;4.27.4&#8243; background_color=&#8221;rgba(0,0,0,0.19)&#8221; background_image=&#8221;https:\/\/eslava.es\/wp-content\/uploads\/2025\/08\/DSC02818-HDR-recorte-baja.jpg&#8221; background_blend=&#8221;multiply&#8221; max_width=&#8221;90%&#8221; custom_padding=&#8221;2vw||2vw|10vw|true|false&#8221; custom_padding_tablet=&#8221;4vw||4vw||true|false&#8221; custom_padding_phone=&#8221;4vw||4vw||true|false&#8221; border_width_bottom=&#8221;5px&#8221; border_color_bottom=&#8221;gcid-7f97073d-b960-4482-bdc7-605cdf94679e&#8221; box_shadow_style=&#8221;preset4&#8243; box_shadow_horizontal=&#8221;18vw&#8221; box_shadow_vertical=&#8221;-9vw&#8221; box_shadow_color=&#8221;#2e444e&#8221; locked=&#8221;off&#8221; global_colors_info=&#8221;{%22gcid-7f97073d-b960-4482-bdc7-605cdf94679e%22:%91%22border_color_bottom%22,%22border_color_bottom%22%93}&#8221;][et_pb_row _builder_version=&#8221;4.27.4&#8243; width=&#8221;90%&#8221; max_width=&#8221;none&#8221; locked=&#8221;off&#8221; global_colors_info=&#8221;{}&#8221;][et_pb_column type=&#8221;4_4&#8243; _builder_version=&#8221;4.27.4&#8243; global_colors_info=&#8221;{}&#8221;][et_pb_text admin_label=&#8221;Texto&#8221; module_class=&#8221;texto-header&#8221; _builder_version=&#8221;4.27.4&#8243; text_font=&#8221;|700|||||||&#8221; text_text_color=&#8221;#FFFFFF&#8221; text_font_size=&#8221;17px&#8221; header_font=&#8221;Playfair Display|700|||||||&#8221; header_text_color=&#8221;#FFFFFF&#8221; header_font_size=&#8221;100px&#8221; header_line_height=&#8221;1.2em&#8221; header_2_font=&#8221;Playfair Display|700|||||||&#8221; header_2_font_size=&#8221;20px&#8221; header_2_line_height=&#8221;1.2em&#8221; text_orientation=&#8221;center&#8221; hover_enabled=&#8221;0&#8243; header_font_size_tablet=&#8221;80px&#8221; header_font_size_phone=&#8221;40px&#8221; header_font_size_last_edited=&#8221;on|desktop&#8221; header_text_shadow_style=&#8221;preset1&#8243; header_text_shadow_color=&#8221;rgba(0,0,0,0.3)&#8221; locked=&#8221;off&#8221; global_colors_info=&#8221;{}&#8221; sticky_enabled=&#8221;0&#8243;]<\/p>\n<h1>La necr\u00f3polis c\u00edvica<\/h1>\n<p><a href=\"https:\/\/eslava.es\/santa-criz-de-eslava\">&#8211; Santa Criz de Eslava &#8211;<\/a><\/p>\n<p>[\/et_pb_text][\/et_pb_column][\/et_pb_row][\/et_pb_section][et_pb_section fb_built=&#8221;1&#8243; admin_label=&#8221;Contenido&#8221; _builder_version=&#8221;4.27.4&#8243; background_enable_image=&#8221;off&#8221; background_size=&#8221;initial&#8221; custom_padding=&#8221;||||false|false&#8221; locked=&#8221;off&#8221; global_colors_info=&#8221;{}&#8221;][et_pb_row _builder_version=&#8221;4.16&#8243; global_colors_info=&#8221;{}&#8221;][et_pb_column type=&#8221;4_4&#8243; _builder_version=&#8221;4.16&#8243; global_colors_info=&#8221;{}&#8221;][et_pb_text _builder_version=&#8221;4.27.4&#8243; header_font=&#8221;||||||||&#8221; header_3_font=&#8221;Playfair Display|700|||||||&#8221; header_3_font_size=&#8221;50px&#8221; header_3_line_height=&#8221;1.2em&#8221; text_font_size_tablet=&#8221;&#8221; text_font_size_phone=&#8221;16px&#8221; text_font_size_last_edited=&#8221;on|phone&#8221; header_3_font_size_tablet=&#8221;40px&#8221; header_3_font_size_phone=&#8221;30px&#8221; header_3_font_size_last_edited=&#8221;on|phone&#8221; locked=&#8221;off&#8221; global_colors_info=&#8221;{}&#8221;]<\/p>\n<p>Espejo y reflejo de la ciudad de los vivos, la necr\u00f3polis resume de forma est\u00e1ndar la evoluci\u00f3n cronol\u00f3gica de la ciuitas de Santa Criz. \u00c9sta, existente como oppidum prerromano desde el siglo V\/IV a. C., adoptar\u00eda la apariencia c\u00edvica en el cambio de Era para, probablemente, promocionar al estatuto municipal a finales del siglo I d. C., en \u00e9poca del emperador Vespasiano. Los restos conservados de dicha necr\u00f3polis, ubicada al sur de la ciudad y separada del n\u00facleo urbano, evocan la riqueza y los nombres \u2013los Calpurnii, Aemilia Vafra, Picula\u2026\u2013 de los protagonistas de tan azarosa como apasionante Historia.<\/p>\n<p>Excavada a finales de los a\u00f1os 90 y ocupando una superficie de m\u00e1s de 2000 m2 la necr\u00f3polis discurre al pie de una uia sepulchralis y se articula en torno a enterramientos de diverso tipo, desde monumentos magn\u00edficos de tipo din\u00e1stico \u2013embellecidos con estatuas y aparato decorativo de diverso signo\u2013 hasta fosas, sepulturas a cielo abierto o monumentos exentos como estelas o altares.<\/p>\n<p>[\/et_pb_text][et_pb_image src=&#8221;https:\/\/eslava.es\/wp-content\/uploads\/2025\/08\/santa-criz-de-eslava-necropolis.jpg&#8221; title_text=&#8221;santa-criz-de-eslava-necropolis&#8221; _builder_version=&#8221;4.27.4&#8243; _module_preset=&#8221;default&#8221; global_colors_info=&#8221;{}&#8221;][\/et_pb_image][\/et_pb_column][\/et_pb_row][et_pb_row column_structure=&#8221;1_2,1_2&#8243; admin_label=&#8221;Fila&#8221; _builder_version=&#8221;4.27.4&#8243; _module_preset=&#8221;default&#8221; global_colors_info=&#8221;{}&#8221;][et_pb_column type=&#8221;1_2&#8243; _builder_version=&#8221;4.27.4&#8243; _module_preset=&#8221;default&#8221; global_colors_info=&#8221;{}&#8221;][et_pb_image src=&#8221;https:\/\/eslava.es\/wp-content\/uploads\/2025\/08\/Togado.jpg&#8221; title_text=&#8221;Togado&#8221; _builder_version=&#8221;4.27.4&#8243; _module_preset=&#8221;default&#8221; global_colors_info=&#8221;{}&#8221;][\/et_pb_image][\/et_pb_column][et_pb_column type=&#8221;1_2&#8243; _builder_version=&#8221;4.27.4&#8243; _module_preset=&#8221;default&#8221; global_colors_info=&#8221;{}&#8221;][et_pb_text _builder_version=&#8221;4.27.4&#8243; header_font=&#8221;||||||||&#8221; header_3_font=&#8221;Playfair Display|700|||||||&#8221; header_3_font_size=&#8221;50px&#8221; header_3_line_height=&#8221;1.2em&#8221; text_font_size_tablet=&#8221;&#8221; text_font_size_phone=&#8221;16px&#8221; text_font_size_last_edited=&#8221;on|phone&#8221; header_3_font_size_tablet=&#8221;40px&#8221; header_3_font_size_phone=&#8221;30px&#8221; header_3_font_size_last_edited=&#8221;on|phone&#8221; locked=&#8221;off&#8221; global_colors_info=&#8221;{}&#8221;]<\/p>\n<p>Tras 2000 a\u00f1os in situ aun sobrecogen los grandes monumenta \u2013con basamento de arenisca el central y en mamposter\u00eda los dos a los lados\u2013 que, portando inscripci\u00f3n, mostrar\u00edan el potencial de las familias o individuos a quienes pertenec\u00edan. El hallazgo en la zona de numerosos modillones ornamentales en piedra decorados con motivos vegetales y astrales permite pensar que los altares monumentales con puluini fueron el tipo sepulcral de m\u00e1s \u00e9xito en la zona.<\/p>\n<p>Las ofrendas y ajuares hallados en las sepulturas, todas de incineraci\u00f3n, y que incluyen semillas, fragmentos cer\u00e1micos, dados y otros objetos de uso cotidiano permiten, adem\u00e1s, recrear las costumbres funerarias de entre los siglos I y IV d. C. en que este espacio estuvo en uso.<\/p>\n<p>[\/et_pb_text][\/et_pb_column][\/et_pb_row][et_pb_row admin_label=&#8221;Fila&#8221; _builder_version=&#8221;4.27.4&#8243; _module_preset=&#8221;default&#8221; global_colors_info=&#8221;{}&#8221;][et_pb_column type=&#8221;4_4&#8243; _builder_version=&#8221;4.27.4&#8243; _module_preset=&#8221;default&#8221; global_colors_info=&#8221;{}&#8221;][et_pb_image src=&#8221;https:\/\/eslava.es\/wp-content\/uploads\/2025\/08\/Urna-y-Restos-2.jpg&#8221; title_text=&#8221;Urna-y-Restos-2&#8243; _builder_version=&#8221;4.27.4&#8243; _module_preset=&#8221;default&#8221; global_colors_info=&#8221;{}&#8221;][\/et_pb_image][et_pb_image src=&#8221;https:\/\/eslava.es\/wp-content\/uploads\/2025\/08\/Carbones-1.jpg&#8221; title_text=&#8221;Carbones&#8221; _builder_version=&#8221;4.27.4&#8243; _module_preset=&#8221;default&#8221; global_colors_info=&#8221;{}&#8221;][\/et_pb_image][\/et_pb_column][\/et_pb_row][et_pb_row _builder_version=&#8221;4.16&#8243; global_colors_info=&#8221;{}&#8221;][et_pb_column type=&#8221;4_4&#8243; _builder_version=&#8221;4.16&#8243; global_colors_info=&#8221;{}&#8221;][et_pb_text _builder_version=&#8221;4.27.4&#8243; header_font=&#8221;||||||||&#8221; header_3_font=&#8221;Playfair Display|700|||||||&#8221; header_3_font_size=&#8221;50px&#8221; header_3_line_height=&#8221;1.2em&#8221; text_font_size_tablet=&#8221;&#8221; text_font_size_phone=&#8221;16px&#8221; text_font_size_last_edited=&#8221;on|phone&#8221; header_3_font_size_tablet=&#8221;40px&#8221; header_3_font_size_phone=&#8221;30px&#8221; header_3_font_size_last_edited=&#8221;on|phone&#8221; locked=&#8221;off&#8221; global_colors_info=&#8221;{}&#8221;]<\/p>\n<p>El intenso poblamiento rural atestiguado en la zona para la \u00e9poca romana \u2013y que contaba con\u00a0<em>uillae<\/em>\u00a0(fincas de explotaci\u00f3n agropecuaria) y\u00a0<em>uici<\/em>\u00a0(aldeas)\u2013 nos ha legado tambi\u00e9n, en la propia Eslava o en la vecina localidad de Gallipienzo, restos de inscripciones o de\u00a0<em>monumenta<\/em>\u00a0din\u00e1sticos semejantes a los que pueden verse hoy en la necr\u00f3polis de Santa Criz, pr\u00e1cticamente la \u00fanica conservada\u00a0<em>in situ<\/em>\u00a0en la Navarra romana.<\/p>\n<p>[\/et_pb_text][\/et_pb_column][\/et_pb_row][\/et_pb_section]<\/p>\n","protected":false},"excerpt":{"rendered":"<p>La necr\u00f3polis c\u00edvica &#8211; Santa Criz de Eslava &#8211; Espejo y reflejo de la ciudad de los vivos, la necr\u00f3polis resume de forma est\u00e1ndar la evoluci\u00f3n cronol\u00f3gica de la ciuitas de Santa Criz. \u00c9sta, existente como oppidum prerromano desde el siglo V\/IV a. C., adoptar\u00eda la apariencia c\u00edvica en el cambio de Era para, probablemente, [&hellip;]<\/p>\n","protected":false},"author":1,"featured_media":0,"parent":647,"menu_order":0,"comment_status":"closed","ping_status":"closed","template":"","meta":{"_acf_changed":false,"_et_pb_use_builder":"on","_et_pb_old_content":"","_et_gb_content_width":"","inline_featured_image":false,"footnotes":""},"class_list":["post-649","page","type-page","status-publish","hentry"],"acf":[],"yoast_head":"<!-- This site is optimized with the Yoast SEO plugin v27.4 - https:\/\/yoast.com\/product\/yoast-seo-wordpress\/ -->\n<title>Nekropolia - Ayuntamiento Villa de Eslava<\/title>\n<meta name=\"robots\" content=\"index, follow, max-snippet:-1, max-image-preview:large, max-video-preview:-1\" \/>\n<link rel=\"canonical\" href=\"https:\/\/eslava.es\/eu\/santa-criz-de-eslava\/nekropolia\/\" \/>\n<meta property=\"og:locale\" content=\"eu_ES\" \/>\n<meta property=\"og:type\" content=\"article\" \/>\n<meta property=\"og:title\" content=\"Nekropolia - Ayuntamiento Villa de Eslava\" \/>\n<meta property=\"og:description\" content=\"La necr\u00f3polis c\u00edvica - Santa Criz de Eslava - Espejo y reflejo de la ciudad de los vivos, la necr\u00f3polis resume de forma est\u00e1ndar la evoluci\u00f3n cronol\u00f3gica de la ciuitas de Santa Criz. \u00c9sta, existente como oppidum prerromano desde el siglo V\/IV a. C., adoptar\u00eda la apariencia c\u00edvica en el cambio de Era para, probablemente, [&hellip;]\" \/>\n<meta property=\"og:url\" content=\"https:\/\/eslava.es\/eu\/santa-criz-de-eslava\/nekropolia\/\" \/>\n<meta property=\"og:site_name\" content=\"Ayuntamiento Villa de Eslava\" \/>\n<meta property=\"article:modified_time\" content=\"2025-10-10T12:46:46+00:00\" \/>\n<meta name=\"twitter:card\" content=\"summary_large_image\" \/>\n<meta name=\"twitter:label1\" content=\"Est. reading time\" \/>\n\t<meta name=\"twitter:data1\" content=\"3 minutes\" \/>\n<script type=\"application\/ld+json\" class=\"yoast-schema-graph\">{\"@context\":\"https:\\\/\\\/schema.org\",\"@graph\":[{\"@type\":\"WebPage\",\"@id\":\"https:\\\/\\\/eslava.es\\\/eu\\\/santa-criz-de-eslava\\\/nekropolia\\\/\",\"url\":\"https:\\\/\\\/eslava.es\\\/eu\\\/santa-criz-de-eslava\\\/nekropolia\\\/\",\"name\":\"Nekropolia - Ayuntamiento Villa de Eslava\",\"isPartOf\":{\"@id\":\"https:\\\/\\\/eslava.es\\\/eu\\\/#website\"},\"datePublished\":\"2025-08-20T09:46:09+00:00\",\"dateModified\":\"2025-10-10T12:46:46+00:00\",\"breadcrumb\":{\"@id\":\"https:\\\/\\\/eslava.es\\\/eu\\\/santa-criz-de-eslava\\\/nekropolia\\\/#breadcrumb\"},\"inLanguage\":\"eu-ES\",\"potentialAction\":[{\"@type\":\"ReadAction\",\"target\":[\"https:\\\/\\\/eslava.es\\\/eu\\\/santa-criz-de-eslava\\\/nekropolia\\\/\"]}]},{\"@type\":\"BreadcrumbList\",\"@id\":\"https:\\\/\\\/eslava.es\\\/eu\\\/santa-criz-de-eslava\\\/nekropolia\\\/#breadcrumb\",\"itemListElement\":[{\"@type\":\"ListItem\",\"position\":1,\"name\":\"Portada\",\"item\":\"https:\\\/\\\/eslava.es\\\/eu\\\/hasiera\\\/\"},{\"@type\":\"ListItem\",\"position\":2,\"name\":\"Santa Criz Eslabakoitz\",\"item\":\"https:\\\/\\\/eslava.es\\\/eu\\\/santa-criz-de-eslava\\\/\"},{\"@type\":\"ListItem\",\"position\":3,\"name\":\"Nekropolia\"}]},{\"@type\":\"WebSite\",\"@id\":\"https:\\\/\\\/eslava.es\\\/eu\\\/#website\",\"url\":\"https:\\\/\\\/eslava.es\\\/eu\\\/\",\"name\":\"Ayuntamiento Villa de Eslava\",\"description\":\"\",\"publisher\":{\"@id\":\"https:\\\/\\\/eslava.es\\\/eu\\\/#organization\"},\"potentialAction\":[{\"@type\":\"SearchAction\",\"target\":{\"@type\":\"EntryPoint\",\"urlTemplate\":\"https:\\\/\\\/eslava.es\\\/eu\\\/?s={search_term_string}\"},\"query-input\":{\"@type\":\"PropertyValueSpecification\",\"valueRequired\":true,\"valueName\":\"search_term_string\"}}],\"inLanguage\":\"eu-ES\"},{\"@type\":\"Organization\",\"@id\":\"https:\\\/\\\/eslava.es\\\/eu\\\/#organization\",\"name\":\"Ayuntamiento de Eslava\",\"url\":\"https:\\\/\\\/eslava.es\\\/eu\\\/\",\"logo\":{\"@type\":\"ImageObject\",\"inLanguage\":\"eu-ES\",\"@id\":\"https:\\\/\\\/eslava.es\\\/eu\\\/#\\\/schema\\\/logo\\\/image\\\/\",\"url\":\"https:\\\/\\\/eslava.es\\\/wp-content\\\/uploads\\\/2025\\\/07\\\/Escudo-Eslava.svg\",\"contentUrl\":\"https:\\\/\\\/eslava.es\\\/wp-content\\\/uploads\\\/2025\\\/07\\\/Escudo-Eslava.svg\",\"width\":\"1024\",\"height\":\"1024\",\"caption\":\"Ayuntamiento de Eslava\"},\"image\":{\"@id\":\"https:\\\/\\\/eslava.es\\\/eu\\\/#\\\/schema\\\/logo\\\/image\\\/\"}}]}<\/script>\n<!-- \/ Yoast SEO plugin. -->","yoast_head_json":{"title":"Nekropolia - Ayuntamiento Villa de Eslava","robots":{"index":"index","follow":"follow","max-snippet":"max-snippet:-1","max-image-preview":"max-image-preview:large","max-video-preview":"max-video-preview:-1"},"canonical":"https:\/\/eslava.es\/eu\/santa-criz-de-eslava\/nekropolia\/","og_locale":"eu_ES","og_type":"article","og_title":"Nekropolia - Ayuntamiento Villa de Eslava","og_description":"La necr\u00f3polis c\u00edvica - Santa Criz de Eslava - Espejo y reflejo de la ciudad de los vivos, la necr\u00f3polis resume de forma est\u00e1ndar la evoluci\u00f3n cronol\u00f3gica de la ciuitas de Santa Criz. \u00c9sta, existente como oppidum prerromano desde el siglo V\/IV a. C., adoptar\u00eda la apariencia c\u00edvica en el cambio de Era para, probablemente, [&hellip;]","og_url":"https:\/\/eslava.es\/eu\/santa-criz-de-eslava\/nekropolia\/","og_site_name":"Ayuntamiento Villa de Eslava","article_modified_time":"2025-10-10T12:46:46+00:00","twitter_card":"summary_large_image","twitter_misc":{"Est. reading time":"3 minutes"},"schema":{"@context":"https:\/\/schema.org","@graph":[{"@type":"WebPage","@id":"https:\/\/eslava.es\/eu\/santa-criz-de-eslava\/nekropolia\/","url":"https:\/\/eslava.es\/eu\/santa-criz-de-eslava\/nekropolia\/","name":"Nekropolia - Ayuntamiento Villa de Eslava","isPartOf":{"@id":"https:\/\/eslava.es\/eu\/#website"},"datePublished":"2025-08-20T09:46:09+00:00","dateModified":"2025-10-10T12:46:46+00:00","breadcrumb":{"@id":"https:\/\/eslava.es\/eu\/santa-criz-de-eslava\/nekropolia\/#breadcrumb"},"inLanguage":"eu-ES","potentialAction":[{"@type":"ReadAction","target":["https:\/\/eslava.es\/eu\/santa-criz-de-eslava\/nekropolia\/"]}]},{"@type":"BreadcrumbList","@id":"https:\/\/eslava.es\/eu\/santa-criz-de-eslava\/nekropolia\/#breadcrumb","itemListElement":[{"@type":"ListItem","position":1,"name":"Portada","item":"https:\/\/eslava.es\/eu\/hasiera\/"},{"@type":"ListItem","position":2,"name":"Santa Criz Eslabakoitz","item":"https:\/\/eslava.es\/eu\/santa-criz-de-eslava\/"},{"@type":"ListItem","position":3,"name":"Nekropolia"}]},{"@type":"WebSite","@id":"https:\/\/eslava.es\/eu\/#website","url":"https:\/\/eslava.es\/eu\/","name":"Ayuntamiento Villa de Eslava","description":"","publisher":{"@id":"https:\/\/eslava.es\/eu\/#organization"},"potentialAction":[{"@type":"SearchAction","target":{"@type":"EntryPoint","urlTemplate":"https:\/\/eslava.es\/eu\/?s={search_term_string}"},"query-input":{"@type":"PropertyValueSpecification","valueRequired":true,"valueName":"search_term_string"}}],"inLanguage":"eu-ES"},{"@type":"Organization","@id":"https:\/\/eslava.es\/eu\/#organization","name":"Ayuntamiento de Eslava","url":"https:\/\/eslava.es\/eu\/","logo":{"@type":"ImageObject","inLanguage":"eu-ES","@id":"https:\/\/eslava.es\/eu\/#\/schema\/logo\/image\/","url":"https:\/\/eslava.es\/wp-content\/uploads\/2025\/07\/Escudo-Eslava.svg","contentUrl":"https:\/\/eslava.es\/wp-content\/uploads\/2025\/07\/Escudo-Eslava.svg","width":"1024","height":"1024","caption":"Ayuntamiento de Eslava"},"image":{"@id":"https:\/\/eslava.es\/eu\/#\/schema\/logo\/image\/"}}]}},"_links":{"self":[{"href":"https:\/\/eslava.es\/eu\/wp-json\/wp\/v2\/pages\/649","targetHints":{"allow":["GET"]}}],"collection":[{"href":"https:\/\/eslava.es\/eu\/wp-json\/wp\/v2\/pages"}],"about":[{"href":"https:\/\/eslava.es\/eu\/wp-json\/wp\/v2\/types\/page"}],"author":[{"embeddable":true,"href":"https:\/\/eslava.es\/eu\/wp-json\/wp\/v2\/users\/1"}],"replies":[{"embeddable":true,"href":"https:\/\/eslava.es\/eu\/wp-json\/wp\/v2\/comments?post=649"}],"version-history":[{"count":3,"href":"https:\/\/eslava.es\/eu\/wp-json\/wp\/v2\/pages\/649\/revisions"}],"predecessor-version":[{"id":652,"href":"https:\/\/eslava.es\/eu\/wp-json\/wp\/v2\/pages\/649\/revisions\/652"}],"up":[{"embeddable":true,"href":"https:\/\/eslava.es\/eu\/wp-json\/wp\/v2\/pages\/647"}],"wp:attachment":[{"href":"https:\/\/eslava.es\/eu\/wp-json\/wp\/v2\/media?parent=649"}],"curies":[{"name":"wp","href":"https:\/\/api.w.org\/{rel}","templated":true}]}}